{"id":69,"date":"2016-03-22T21:10:56","date_gmt":"2016-03-22T21:10:56","guid":{"rendered":"http:\/\/administracionpublicapv3.gobiernoelectronico.gob.ec\/tipologias\/agencias\/?page_id=69"},"modified":"2018-07-26T04:33:09","modified_gmt":"2018-07-26T09:33:09","slug":"biblioteca","status":"publish","type":"page","link":"https:\/\/dnpse.gobiernoelectronico.gob.ec\/tipologias\/agencias\/biblioteca\/","title":{"rendered":"Biblioteca"},"content":{"rendered":"<div>La constataci\u00f3n de la existencia de un lago subterr\u00e1neo, l\u00edquido y salado en Marte, bajo una capa de hielo, incrementa las posibilidades de encontrar vida en el planeta rojo, seg\u00fan los cient\u00edficos.<\/div>\n","protected":false},"excerpt":{"rendered":"<p class=\"excerpt\">La constataci\u00f3n de la existencia de un lago subterr\u00e1neo, l\u00edquido y salado en Marte, bajo una capa de hielo, incrementa las posibilidades de encontrar vida en el planeta rojo, seg\u00fan los cient\u00edficos. <a href=\"https:\/\/dnpse.gobiernoelectronico.gob.ec\/tipologias\/agencias\/biblioteca\/\">Read more &rarr;<\/a><\/p>\n","protected":false},"author":1,"featured_media":0,"parent":0,"menu_order":0,"comment_status":"closed","ping_status":"closed","template":"descargas.php","meta":{"footnotes":""},"class_list":["post-69","page","type-page","status-publish","hentry","xfolkentry"],"_links":{"self":[{"href":"https:\/\/dnpse.gobiernoelectronico.gob.ec\/tipologias\/agencias\/wp-json\/wp\/v2\/pages\/69","targetHints":{"allow":["GET"]}}],"collection":[{"href":"https:\/\/dnpse.gobiernoelectronico.gob.ec\/tipologias\/agencias\/wp-json\/wp\/v2\/pages"}],"about":[{"href":"https:\/\/dnpse.gobiernoelectronico.gob.ec\/tipologias\/agencias\/wp-json\/wp\/v2\/types\/page"}],"author":[{"embeddable":true,"href":"https:\/\/dnpse.gobiernoelectronico.gob.ec\/tipologias\/agencias\/wp-json\/wp\/v2\/users\/1"}],"replies":[{"embeddable":true,"href":"https:\/\/dnpse.gobiernoelectronico.gob.ec\/tipologias\/agencias\/wp-json\/wp\/v2\/comments?post=69"}],"version-history":[{"count":17,"href":"https:\/\/dnpse.gobiernoelectronico.gob.ec\/tipologias\/agencias\/wp-json\/wp\/v2\/pages\/69\/revisions"}],"predecessor-version":[{"id":190,"href":"https:\/\/dnpse.gobiernoelectronico.gob.ec\/tipologias\/agencias\/wp-json\/wp\/v2\/pages\/69\/revisions\/190"}],"wp:attachment":[{"href":"https:\/\/dnpse.gobiernoelectronico.gob.ec\/tipologias\/agencias\/wp-json\/wp\/v2\/media?parent=69"}],"curies":[{"name":"wp","href":"https:\/\/api.w.org\/{rel}","templated":true}]}}